{"id":9,"date":"2025-07-17T07:20:37","date_gmt":"2025-07-17T07:20:37","guid":{"rendered":"https:\/\/innovatus.lt\/?page_id=9"},"modified":"2025-07-17T07:27:24","modified_gmt":"2025-07-17T07:27:24","slug":"pagrindinis","status":"publish","type":"page","link":"https:\/\/innovatus.lt\/","title":{"rendered":"Pagrindinis"},"content":{"rendered":"\t\t<div data-elementor-type=\"wp-page\" data-elementor-id=\"9\" class=\"elementor elementor-9\">\n\t\t\t\t<div class=\"elementor-element elementor-element-b2f658b e-con-full e-flex e-con e-parent\" data-id=\"b2f658b\" data-element_type=\"container\" data-settings=\"{&quot;background_background&quot;:&quot;gradient&quot;}\">\n\t\t<div class=\"elementor-element elementor-element-9b15746 e-flex e-con-boxed e-con e-child\" data-id=\"9b15746\" data-element_type=\"container\">\n\t\t\t\t\t<div class=\"e-con-inner\">\n\t\t<div class=\"elementor-element elementor-element-01836a7 e-con-full e-flex e-con e-child\" data-id=\"01836a7\" data-element_type=\"container\">\n\t\t\t\t<div class=\"elementor-element elementor-element-52ed2d1 elementor-widget elementor-widget-image\" data-id=\"52ed2d1\" data-element_type=\"widget\" data-widget_type=\"image.default\">\n\t\t\t\t\t\t\t\t\t\t\t\t\t\t\t<img decoding=\"async\" src=\"https:\/\/innovatus.lt\/wp-content\/uploads\/elementor\/thumbs\/Picture1-r8vqvao2jxuyr2ntezx3k50en6gfvkkau679y300zk.png\" title=\"Picture1\" alt=\"Picture1\" loading=\"lazy\" \/>\t\t\t\t\t\t\t\t\t\t\t\t\t\t\t<\/div>\n\t\t\t\t<\/div>\n\t\t<div class=\"elementor-element elementor-element-d66b822 e-con-full e-flex e-con e-child\" data-id=\"d66b822\" data-element_type=\"container\">\n\t\t\t\t<div class=\"elementor-element elementor-element-f78911c elementor-widget elementor-widget-image\" data-id=\"f78911c\" data-element_type=\"widget\" data-widget_type=\"image.default\">\n\t\t\t\t\t\t\t\t\t\t\t\t\t\t\t<img decoding=\"async\" src=\"https:\/\/innovatus.lt\/wp-content\/uploads\/elementor\/thumbs\/Picture2-r8vqvao2jxv0sqe8ulsceuleokav05rf3ir25dnitc.png\" title=\"Picture2\" alt=\"Picture2\" loading=\"lazy\" \/>\t\t\t\t\t\t\t\t\t\t\t\t\t\t\t<\/div>\n\t\t\t\t<\/div>\n\t\t\t\t\t<\/div>\n\t\t\t\t<\/div>\n\t\t\t\t<div class=\"elementor-element elementor-element-ded29fa elementor-widget elementor-widget-text-editor\" data-id=\"ded29fa\" data-element_type=\"widget\" data-widget_type=\"text-editor.default\">\n\t\t\t\t\t\t\t\t\t<p>MB \u201eInnovatus manus\u201c \u012fgyvendina projekt\u0105<strong> \u201eMTEP id\u0117jos \u201eAutonomi\u0161k\u0173 objekt\u0173 pad\u0117ties nustatymo sistem\u0173 atsparumo trikd\u017eiams didinimas ir tikslumo gerinimas\u201c tikrinimas, rengiant tarptautin\u0119 parai\u0161k\u0105\u201c Nr. 10-038-T-0276.<\/strong><\/p><p>Projekto tikslas \u2013 pasiruo\u0161ti teikti parai\u0161k\u0105 pagal programos \u201eEuropos horizontas\u201c kvietim\u0105 vykdant tarpdisciplinin\u012f projekt\u0105.<\/p><p>Projektas \u012fgyvendinamas pagal 2022\u20132030 m. pl\u0117tros programos valdytojos Lietuvos Respublikos \u0161vietimo, mokslo ir sporto ministerijos mokslo pl\u0117tros programos pa\u017eangos priemon\u0117s Nr. 12-001-01-02-01 \u201eStiprinti inovacij\u0173 ekosistemas mokslo centruose\u201c veiklos \u201eParama identifikuotiems startiniams MTEP projektams ir galimybi\u0173 studijoms su institucij\u0173 kelrod\u017eiais s\u0117kmingam dalyvavimui Europos S\u0105jungos mokslini\u0173 tyrim\u0173 ir inovacij\u0173 programos \u201eEuropos horizontas\u201c kvietimuose skatinti\u201c projekt\u0173 finansavimo s\u0105lyg\u0173 apra\u0161\u0105.<\/p><p>Projekto trukm\u0117 2025-06-20\u20132026-04-30.<\/p><p>Bendra projekto vert\u0117 29 940,04 Eur, i\u0161 kuri\u0173 29 940,04 Eur finansuojama Europos S\u0105jungos fond\u0173 l\u0117\u0161omis. Finansuoja Europos S\u0105junga NextGenerationEU.<\/p>\t\t\t\t\t\t\t\t<\/div>\n\t\t\t\t<\/div>\n\t\t\t\t<\/div>\n\t\t","protected":false},"excerpt":{"rendered":"<p>MB \u201eInnovatus manus\u201c \u012fgyvendina projekt\u0105 \u201eMTEP id\u0117jos \u201eAutonomi\u0161k\u0173 objekt\u0173 pad\u0117ties nustatymo sistem\u0173 atsparumo trikd\u017eiams didinimas ir tikslumo gerinimas\u201c tikrinimas, rengiant tarptautin\u0119 parai\u0161k\u0105\u201c Nr. 10-038-T-0276. Projekto tikslas \u2013 pasiruo\u0161ti teikti parai\u0161k\u0105 pagal programos \u201eEuropos horizontas\u201c kvietim\u0105 vykdant tarpdisciplinin\u012f projekt\u0105. Projektas \u012fgyvendinamas pagal 2022\u20132030 m. pl\u0117tros programos valdytojos Lietuvos Respublikos \u0161vietimo, mokslo ir sporto ministerijos mokslo pl\u0117tros [&hellip;]<\/p>\n","protected":false},"author":1,"featured_media":0,"parent":0,"menu_order":0,"comment_status":"closed","ping_status":"closed","template":"elementor_canvas","meta":{"footnotes":""},"class_list":["post-9","page","type-page","status-publish","hentry"],"_links":{"self":[{"href":"https:\/\/innovatus.lt\/index.php?rest_route=\/wp\/v2\/pages\/9","targetHints":{"allow":["GET"]}}],"collection":[{"href":"https:\/\/innovatus.lt\/index.php?rest_route=\/wp\/v2\/pages"}],"about":[{"href":"https:\/\/innovatus.lt\/index.php?rest_route=\/wp\/v2\/types\/page"}],"author":[{"embeddable":true,"href":"https:\/\/innovatus.lt\/index.php?rest_route=\/wp\/v2\/users\/1"}],"replies":[{"embeddable":true,"href":"https:\/\/innovatus.lt\/index.php?rest_route=%2Fwp%2Fv2%2Fcomments&post=9"}],"version-history":[{"count":7,"href":"https:\/\/innovatus.lt\/index.php?rest_route=\/wp\/v2\/pages\/9\/revisions"}],"predecessor-version":[{"id":19,"href":"https:\/\/innovatus.lt\/index.php?rest_route=\/wp\/v2\/pages\/9\/revisions\/19"}],"wp:attachment":[{"href":"https:\/\/innovatus.lt\/index.php?rest_route=%2Fwp%2Fv2%2Fmedia&parent=9"}],"curies":[{"name":"wp","href":"https:\/\/api.w.org\/{rel}","templated":true}]}}